{"id":56,"date":"2017-07-12T16:48:49","date_gmt":"2017-07-12T16:48:49","guid":{"rendered":"http:\/\/netz-gegen-armut.de\/?page_id=56"},"modified":"2026-01-28T17:16:13","modified_gmt":"2026-01-28T17:16:13","slug":"partner","status":"publish","type":"page","link":"https:\/\/netz-gegen-armut.de\/?page_id=56","title":{"rendered":"Partner"},"content":{"rendered":"<p><em>Das Netz gegen Armut im Stadtbezirk 7 (Gerresheim, Grafenberg, Hubbelrath, Knittkuhl und Ludenberg) wird von vielen unterschiedlichen Organisationen gekn\u00fcpft und getragen.<br \/>\nDie Spannweite reicht von den Kirchengemeinden und Wohlfahrtsverb\u00e4nden bis zu den \u00f6rtlichen Werbegemeinschaften.<br \/>\nDar\u00fcber hinaus sind auch engagierte Einzelpersonen im Netz aktiv.<\/em><\/p>\n<p style=\"padding-left: 30px;\"><span style=\"color: #0000ff;\">\u2192<\/span> Bezirksvertretung und Bezirksverwaltungsstelle Stadtbezirk 7<br \/>\n<a href=\"http:\/\/www.duesseldorf.de\/bv\/07\" target=\"_blank\" rel=\"noopener\">duesseldorf.de\/bv\/07<\/a><\/p>\n<p style=\"padding-left: 30px;\"><span style=\"color: #0000ff;\">\u2192<\/span> H.G. B\u00fcrgerhilfe Gerresheim e. V<br \/>\n<a href=\"http:\/\/www.buergerhilfe-gerresheim.de\/\" target=\"_blank\" rel=\"noopener\">www.buergerhilfe-gerresheim.de<\/a><\/p>\n<p style=\"padding-left: 30px;\"><span style=\"color: #0000ff;\">\u2192<\/span> B\u00fcrgerstiftung Gerricus<br \/>\n<a href=\"https:\/\/www.buergerstiftung-gerricus.de\/\" target=\"_blank\" rel=\"noopener\">buergerstiftung-gerricus.de<\/a><\/p>\n<p style=\"padding-left: 30px;\"><span style=\"color: #0000ff;\">\u2192<\/span> Caritasverband D\u00fcsseldorf e. V.<br \/>\n<a href=\"http:\/\/www.caritas-duesseldorf.de\/\" target=\"_blank\" rel=\"noopener\">caritas-duesseldorf.de<\/a><\/p>\n<p style=\"padding-left: 30px;\"><span style=\"color: #0000ff;\">\u2192<\/span> Diakonie D\u00fcsseldorf<br \/>\n<a href=\"http:\/\/www.diakonie-duesseldorf.de\/\" target=\"_blank\" rel=\"noopener\">diakonie-duesseldorf.de<\/a><\/p>\n<p style=\"text-align: left; padding-left: 40px;\">\u2192 Deutsches Rotes Kreuz &#8211; Kreisverband D\u00fcsseldorf e.V.<br \/>\nFamilientreff Gerresheim<br \/>\n<a href=\"https:\/\/www.drk-duesseldorf.de\/angebote\/angebote-fuer-familien\/familientreffs\/familientreff-gerresheim.html\" target=\"_blank\" rel=\"noopener\">DRK-Familienzentrum<\/a><\/p>\n<p style=\"padding-left: 30px;\"><span style=\"color: #0000ff;\">\u2192<\/span> Die Benderstra\u00dfe e. V.<br \/>\n<a href=\"http:\/\/www.diebenderstrasse.de\" target=\"_blank\" rel=\"noopener\">diebenderstrasse.de<\/a><\/p>\n<p style=\"padding-left: 30px;\"><span style=\"color: #0000ff;\">\u2192<\/span> Evangelische Kirchengemeinde D\u00fcsseldorf-Gerresheim<br \/>\n<a href=\"http:\/\/gerresheim.ekir.de\/\">http:\/\/gerresheim.ekir.de<\/a><\/p>\n<p style=\"padding-left: 30px;\"><span style=\"color: #0000ff;\">\u2192<\/span> Gerresheim Gemeinsam. Evangelische Stiftung<br \/>\n<a href=\"http:\/\/www.gerresheim-gemeinsam.de\/\">gerresheim-gemeinsam.de<\/a><\/p>\n<p style=\"padding-left: 30px;\"><span style=\"color: #0000ff;\">\u2192<\/span> Gerresheimer Jonges e. V.<br \/>\n<a href=\"http:\/\/www.gerresheimer-jonges.de\/\">gerresheimer-jonges.de<\/a><\/p>\n<p style=\"padding-left: 30px;\"><span style=\"color: #0000ff;\">\u2192<\/span> Gerresheimer M\u00e4dchen e. V.<br \/>\n<a href=\"http:\/\/www.gerresheimer-maedchen.de\/\">http:\/\/www.gerresheimer-maedchen.de<\/a><\/p>\n<p style=\"padding-left: 30px;\"><span style=\"color: #0000ff;\">\u2192<\/span> Katholische Kirchengemeinde St. Margareta Gerresheim<br \/>\n<a href=\"http:\/\/www.st-margareta.de\/\">st-margareta.de<\/a><\/p>\n<p style=\"padding-left: 30px;\"><span style=\"color: #0000ff;\">\u2192<\/span> Kolpingwerk Bezirksverband D\u00fcsseldorf<br \/>\n<a href=\"http:\/\/www.kolping-duesseldorf.de\/\">kolping-duesseldorf.de<\/a><\/p>\n<p style=\"padding-left: 30px;\"><span style=\"color: #0000ff;\">\u2192<\/span> zentrum <em>plus<\/em> Gerresheim \/ Diakonie D\u00fcsseldorf<br \/>\n<a href=\"http:\/\/www.zentrum-plus-diakonie.de\/gerresheim\/ueber-uns\">zentrum-plus-diakonie.de\/gerresheim\/ueber-uns<\/a><\/p>\n<p style=\"padding-left: 40px;\">\u2192 &#8222;zentrum plus&#8220; der AWO in Ludenberg<br \/>\n<a href=\"https:\/\/www.awo-duesseldorf.de\/ab-55\/treffs\/zentren-plus\/ludenberg\/\" target=\"_blank\" rel=\"noopener\">zentrum plus Ludenberg<\/a><\/p>\n","protected":false},"excerpt":{"rendered":"<p>Das Netz gegen Armut im Stadtbezirk 7 (Gerresheim, Grafenberg, Hubbelrath, Knittkuhl und Ludenberg) wird von vielen unterschiedlichen Organisationen gekn\u00fcpft und getragen. Die Spannweite reicht von den Kirchengemeinden und Wohlfahrtsverb\u00e4nden bis zu den \u00f6rtlichen Werbegemeinschaften. Dar\u00fcber hinaus sind auch engagierte Einzelpersonen im Netz aktiv. \u2192 Bezirksvertretung und Bezirksverwaltungsstelle Stadtbezirk 7 duesseldorf.de\/bv\/07 \u2192 H.G. B\u00fcrgerhilfe Gerresheim e. &hellip; <\/p>\n<p class=\"link-more\"><a href=\"https:\/\/netz-gegen-armut.de\/?page_id=56\" class=\"more-link\"><span class=\"screen-reader-text\">\u201ePartner\u201c <\/span>weiterlesen<\/a><\/p>\n","protected":false},"author":4,"featured_media":0,"parent":0,"menu_order":0,"comment_status":"closed","ping_status":"closed","template":"","meta":{"footnotes":""},"class_list":["post-56","page","type-page","status-publish","hentry"],"_links":{"self":[{"href":"https:\/\/netz-gegen-armut.de\/index.php?rest_route=\/wp\/v2\/pages\/56","targetHints":{"allow":["GET"]}}],"collection":[{"href":"https:\/\/netz-gegen-armut.de\/index.php?rest_route=\/wp\/v2\/pages"}],"about":[{"href":"https:\/\/netz-gegen-armut.de\/index.php?rest_route=\/wp\/v2\/types\/page"}],"author":[{"embeddable":true,"href":"https:\/\/netz-gegen-armut.de\/index.php?rest_route=\/wp\/v2\/users\/4"}],"replies":[{"embeddable":true,"href":"https:\/\/netz-gegen-armut.de\/index.php?rest_route=%2Fwp%2Fv2%2Fcomments&post=56"}],"version-history":[{"count":20,"href":"https:\/\/netz-gegen-armut.de\/index.php?rest_route=\/wp\/v2\/pages\/56\/revisions"}],"predecessor-version":[{"id":736,"href":"https:\/\/netz-gegen-armut.de\/index.php?rest_route=\/wp\/v2\/pages\/56\/revisions\/736"}],"wp:attachment":[{"href":"https:\/\/netz-gegen-armut.de\/index.php?rest_route=%2Fwp%2Fv2%2Fmedia&parent=56"}],"curies":[{"name":"wp","href":"https:\/\/api.w.org\/{rel}","templated":true}]}}