{"id":50,"date":"2017-07-12T16:53:13","date_gmt":"2017-07-12T16:53:13","guid":{"rendered":"http:\/\/netz-gegen-armut.de\/?page_id=50"},"modified":"2023-06-09T15:25:55","modified_gmt":"2023-06-09T15:25:55","slug":"ueber-uns","status":"publish","type":"page","link":"https:\/\/netz-gegen-armut.de\/?page_id=50","title":{"rendered":"\u00dcber uns"},"content":{"rendered":"<blockquote>\n<figure id=\"attachment_41\" aria-describedby=\"caption-attachment-41\" style=\"width: 300px\" class=\"wp-caption alignnone\"><img loading=\"lazy\" decoding=\"async\" class=\"size-medium wp-image-41\" src=\"https:\/\/netz-gegen-armut.de\/wp-content\/uploads\/2017\/07\/image002-300x185.jpg\" alt=\"\" width=\"300\" height=\"185\" srcset=\"https:\/\/netz-gegen-armut.de\/wp-content\/uploads\/2017\/07\/image002-300x185.jpg 300w, https:\/\/netz-gegen-armut.de\/wp-content\/uploads\/2017\/07\/image002-768x473.jpg 768w, https:\/\/netz-gegen-armut.de\/wp-content\/uploads\/2017\/07\/image002.jpg 896w\" sizes=\"auto, (max-width: 300px) 100vw, 300px\" \/><figcaption id=\"caption-attachment-41\" class=\"wp-caption-text\">Foto: Sibylle Pietreck<\/figcaption><\/figure>\n<h2><span style=\"color: #3366ff;\"><em>Wir sind<\/em><\/span><\/h2>\n<\/blockquote>\n<p>B\u00fcrgerinnen und B\u00fcrger, Vereine, Organisationen und Institutionen, die zusammen mit der evangelischen und katholischen Kirchengemeinde bed\u00fcrftige Menschen im Stadtteil unterst\u00fctzen.<\/p>\n<blockquote>\n<h2><span style=\"color: #3366ff;\"><em>Wir setzen uns daf\u00fcr ein,<\/em><\/span><\/h2>\n<\/blockquote>\n<ul>\n<li>dass alle Menschen im Stadtteil am gesellschaftlichen Leben teilhaben k\u00f6nnen, unabh\u00e4ngig von Herkunft, Religion, Alter oder sozialem Stand,<\/li>\n<li>dass bed\u00fcrftige Menschen im Stadtteil Beratung und Hilfe erhalten,<\/li>\n<li>dass b\u00fcrgerschaftliches Engagement gef\u00f6rdert wird,<\/li>\n<li>dass alle Menschen im Stadtteil eine lebens- und liebenswerte<br \/>\nHeimat finden.<\/li>\n<\/ul>\n<blockquote>\n<h2><span style=\"color: #3366ff;\"><em>Wir bieten<\/em><\/span><\/h2>\n<\/blockquote>\n<ul>\n<li>Hilfe in Notlagen<\/li>\n<li>F\u00f6rderung des nachbarschaftlichen Zusammenlebens<\/li>\n<li>Vernetzung und Unterst\u00fctzung von ehrenamtlich Engagierten<\/li>\n<li>Informationen zu Hilfs- und Beratungsangeboten im<br \/>\nStadtbezirk und stadtweit<\/li>\n<\/ul>\n","protected":false},"excerpt":{"rendered":"<p>Wir sind B\u00fcrgerinnen und B\u00fcrger, Vereine, Organisationen und Institutionen, die zusammen mit der evangelischen und katholischen Kirchengemeinde bed\u00fcrftige Menschen im Stadtteil unterst\u00fctzen. Wir setzen uns daf\u00fcr ein, dass alle Menschen im Stadtteil am gesellschaftlichen Leben teilhaben k\u00f6nnen, unabh\u00e4ngig von Herkunft, Religion, Alter oder sozialem Stand, dass bed\u00fcrftige Menschen im Stadtteil Beratung und Hilfe erhalten, dass &hellip; <\/p>\n<p class=\"link-more\"><a href=\"https:\/\/netz-gegen-armut.de\/?page_id=50\" class=\"more-link\"><span class=\"screen-reader-text\">\u201e\u00dcber uns\u201c <\/span>weiterlesen<\/a><\/p>\n","protected":false},"author":4,"featured_media":0,"parent":0,"menu_order":0,"comment_status":"closed","ping_status":"closed","template":"","meta":{"footnotes":""},"class_list":["post-50","page","type-page","status-publish","hentry"],"_links":{"self":[{"href":"https:\/\/netz-gegen-armut.de\/index.php?rest_route=\/wp\/v2\/pages\/50","targetHints":{"allow":["GET"]}}],"collection":[{"href":"https:\/\/netz-gegen-armut.de\/index.php?rest_route=\/wp\/v2\/pages"}],"about":[{"href":"https:\/\/netz-gegen-armut.de\/index.php?rest_route=\/wp\/v2\/types\/page"}],"author":[{"embeddable":true,"href":"https:\/\/netz-gegen-armut.de\/index.php?rest_route=\/wp\/v2\/users\/4"}],"replies":[{"embeddable":true,"href":"https:\/\/netz-gegen-armut.de\/index.php?rest_route=%2Fwp%2Fv2%2Fcomments&post=50"}],"version-history":[{"count":2,"href":"https:\/\/netz-gegen-armut.de\/index.php?rest_route=\/wp\/v2\/pages\/50\/revisions"}],"predecessor-version":[{"id":653,"href":"https:\/\/netz-gegen-armut.de\/index.php?rest_route=\/wp\/v2\/pages\/50\/revisions\/653"}],"wp:attachment":[{"href":"https:\/\/netz-gegen-armut.de\/index.php?rest_route=%2Fwp%2Fv2%2Fmedia&parent=50"}],"curies":[{"name":"wp","href":"https:\/\/api.w.org\/{rel}","templated":true}]}}